{"id":2992,"date":"2024-06-13T10:48:18","date_gmt":"2024-06-13T10:48:18","guid":{"rendered":"https:\/\/www.metalrota.it\/?post_type=product&#038;p=2992"},"modified":"2025-07-16T13:17:38","modified_gmt":"2025-07-16T13:17:38","slug":"mrh160-dual-drive-transmission-system","status":"publish","type":"product","link":"https:\/\/www.metalrota.it\/en\/mrh160-dual-drive-transmission-system\/","title":{"rendered":"MRH 160"},"content":{"rendered":"<p><strong>MRH 160 &#8211; Dual drive electric transmission system<\/strong><\/p>\n<p>Dual drive transmission systems such as the MRH 160 enable efficient management of ratios and torque. This results in improvements not only in speed and power, but also in precision and control. The MRH 160 model can be equipped with alternating current (AC) or brushless PMAC motors, depending on the customer&#8217;s specific requirements and application.<\/p>\n<p>Discover the technical features of this model by downloading information and 3D drawings below. Contact us to request the customization of this model or a direct consultation with our team.<\/p>\n","protected":false},"excerpt":{"rendered":"<p>Wheel diameter: <strong>\u00d8300x120mm &#8211; \u00d8350x130mm &#8211; \u00d8406x130mm<br \/>\n<\/strong>Maximum output torque:<strong> 1800Nm<\/strong><strong><br \/>\n<\/strong>Maximum radial load: <strong>2300Kg<\/strong><\/p>\n","protected":false},"featured_media":3012,"template":"","meta":{"_et_pb_use_builder":"","_et_pb_old_content":"","_et_gb_content_width":""},"product_brand":[],"product_cat":[61],"product_tag":[],"class_list":{"0":"post-2992","1":"product","2":"type-product","3":"status-publish","4":"has-post-thumbnail","6":"product_cat-manufacturer-dual-drive-systems-electric-motors","8":"first","9":"instock","10":"shipping-taxable","11":"product-type-simple"},"acf":[],"yoast_head":"<!-- This site is optimized with the Yoast SEO plugin v27.4 - https:\/\/yoast.com\/product\/yoast-seo-wordpress\/ -->\n<title>MRH 160 - Dual drive transmission system \u2013 Electric motors<\/title>\n<meta name=\"description\" content=\"Learn more about MRH 160 dual drive model with AC or PMAC motor for moving your vehicles here.\" \/>\n<meta name=\"robots\" content=\"index, follow, max-snippet:-1, max-image-preview:large, max-video-preview:-1\" \/>\n<link rel=\"canonical\" href=\"https:\/\/www.metalrota.it\/en\/mrh160-dual-drive-transmission-system\/\" \/>\n<meta property=\"og:locale\" content=\"en_US\" \/>\n<meta property=\"og:type\" content=\"article\" \/>\n<meta property=\"og:title\" content=\"MRH 160 - Dual drive transmission system \u2013 Electric motors\" \/>\n<meta property=\"og:description\" content=\"Learn more about MRH 160 dual drive model with AC or PMAC motor for moving your vehicles here.\" \/>\n<meta property=\"og:url\" content=\"https:\/\/www.metalrota.it\/en\/mrh160-dual-drive-transmission-system\/\" \/>\n<meta property=\"og:site_name\" content=\"Metalrota\" \/>\n<meta property=\"article:modified_time\" content=\"2025-07-16T13:17:38+00:00\" \/>\n<meta property=\"og:image\" content=\"https:\/\/www.metalrota.it\/wp-content\/uploads\/2024\/06\/sistema-di-trasmissione-dual-drive-MRH160-AC-Speculare.png\" \/>\n\t<meta property=\"og:image:width\" content=\"700\" \/>\n\t<meta property=\"og:image:height\" content=\"700\" \/>\n\t<meta property=\"og:image:type\" content=\"image\/png\" \/>\n<meta name=\"twitter:card\" content=\"summary_large_image\" \/>\n<meta name=\"twitter:label1\" content=\"Est. reading time\" \/>\n\t<meta name=\"twitter:data1\" content=\"1 minute\" \/>\n<script type=\"application\/ld+json\" class=\"yoast-schema-graph\">{\"@context\":\"https:\\\/\\\/schema.org\",\"@graph\":[{\"@type\":\"WebPage\",\"@id\":\"https:\\\/\\\/www.metalrota.it\\\/en\\\/mrh160-dual-drive-transmission-system\\\/\",\"url\":\"https:\\\/\\\/www.metalrota.it\\\/en\\\/mrh160-dual-drive-transmission-system\\\/\",\"name\":\"MRH 160 - Dual drive transmission system \u2013 Electric motors\",\"isPartOf\":{\"@id\":\"https:\\\/\\\/www.metalrota.it\\\/en\\\/#website\"},\"primaryImageOfPage\":{\"@id\":\"https:\\\/\\\/www.metalrota.it\\\/en\\\/mrh160-dual-drive-transmission-system\\\/#primaryimage\"},\"image\":{\"@id\":\"https:\\\/\\\/www.metalrota.it\\\/en\\\/mrh160-dual-drive-transmission-system\\\/#primaryimage\"},\"thumbnailUrl\":\"https:\\\/\\\/www.metalrota.it\\\/wp-content\\\/uploads\\\/2024\\\/06\\\/sistema-di-trasmissione-dual-drive-MRH160-AC-Speculare.png\",\"datePublished\":\"2024-06-13T10:48:18+00:00\",\"dateModified\":\"2025-07-16T13:17:38+00:00\",\"description\":\"Learn more about MRH 160 dual drive model with AC or PMAC motor for moving your vehicles here.\",\"breadcrumb\":{\"@id\":\"https:\\\/\\\/www.metalrota.it\\\/en\\\/mrh160-dual-drive-transmission-system\\\/#breadcrumb\"},\"inLanguage\":\"en-US\",\"potentialAction\":[{\"@type\":\"ReadAction\",\"target\":[\"https:\\\/\\\/www.metalrota.it\\\/en\\\/mrh160-dual-drive-transmission-system\\\/\"]}]},{\"@type\":\"ImageObject\",\"inLanguage\":\"en-US\",\"@id\":\"https:\\\/\\\/www.metalrota.it\\\/en\\\/mrh160-dual-drive-transmission-system\\\/#primaryimage\",\"url\":\"https:\\\/\\\/www.metalrota.it\\\/wp-content\\\/uploads\\\/2024\\\/06\\\/sistema-di-trasmissione-dual-drive-MRH160-AC-Speculare.png\",\"contentUrl\":\"https:\\\/\\\/www.metalrota.it\\\/wp-content\\\/uploads\\\/2024\\\/06\\\/sistema-di-trasmissione-dual-drive-MRH160-AC-Speculare.png\",\"width\":700,\"height\":700,\"caption\":\"sistema-di-trasmissione-dual-drive-MRH160-AC-Speculare\"},{\"@type\":\"BreadcrumbList\",\"@id\":\"https:\\\/\\\/www.metalrota.it\\\/en\\\/mrh160-dual-drive-transmission-system\\\/#breadcrumb\",\"itemListElement\":[{\"@type\":\"ListItem\",\"position\":1,\"name\":\"Home\",\"item\":\"https:\\\/\\\/www.metalrota.it\\\/en\\\/\"},{\"@type\":\"ListItem\",\"position\":2,\"name\":\"Products\",\"item\":\"https:\\\/\\\/www.metalrota.it\\\/en\\\/products\\\/\"},{\"@type\":\"ListItem\",\"position\":3,\"name\":\"MRH 160\"}]},{\"@type\":\"WebSite\",\"@id\":\"https:\\\/\\\/www.metalrota.it\\\/en\\\/#website\",\"url\":\"https:\\\/\\\/www.metalrota.it\\\/en\\\/\",\"name\":\"Metalrota\",\"description\":\"\",\"potentialAction\":[{\"@type\":\"SearchAction\",\"target\":{\"@type\":\"EntryPoint\",\"urlTemplate\":\"https:\\\/\\\/www.metalrota.it\\\/en\\\/?s={search_term_string}\"},\"query-input\":{\"@type\":\"PropertyValueSpecification\",\"valueRequired\":true,\"valueName\":\"search_term_string\"}}],\"inLanguage\":\"en-US\"}]}<\/script>\n<!-- \/ Yoast SEO plugin. -->","yoast_head_json":{"title":"MRH 160 - Dual drive transmission system \u2013 Electric motors","description":"Learn more about MRH 160 dual drive model with AC or PMAC motor for moving your vehicles here.","robots":{"index":"index","follow":"follow","max-snippet":"max-snippet:-1","max-image-preview":"max-image-preview:large","max-video-preview":"max-video-preview:-1"},"canonical":"https:\/\/www.metalrota.it\/en\/mrh160-dual-drive-transmission-system\/","og_locale":"en_US","og_type":"article","og_title":"MRH 160 - Dual drive transmission system \u2013 Electric motors","og_description":"Learn more about MRH 160 dual drive model with AC or PMAC motor for moving your vehicles here.","og_url":"https:\/\/www.metalrota.it\/en\/mrh160-dual-drive-transmission-system\/","og_site_name":"Metalrota","article_modified_time":"2025-07-16T13:17:38+00:00","og_image":[{"width":700,"height":700,"url":"https:\/\/www.metalrota.it\/wp-content\/uploads\/2024\/06\/sistema-di-trasmissione-dual-drive-MRH160-AC-Speculare.png","type":"image\/png"}],"twitter_card":"summary_large_image","twitter_misc":{"Est. reading time":"1 minute"},"schema":{"@context":"https:\/\/schema.org","@graph":[{"@type":"WebPage","@id":"https:\/\/www.metalrota.it\/en\/mrh160-dual-drive-transmission-system\/","url":"https:\/\/www.metalrota.it\/en\/mrh160-dual-drive-transmission-system\/","name":"MRH 160 - Dual drive transmission system \u2013 Electric motors","isPartOf":{"@id":"https:\/\/www.metalrota.it\/en\/#website"},"primaryImageOfPage":{"@id":"https:\/\/www.metalrota.it\/en\/mrh160-dual-drive-transmission-system\/#primaryimage"},"image":{"@id":"https:\/\/www.metalrota.it\/en\/mrh160-dual-drive-transmission-system\/#primaryimage"},"thumbnailUrl":"https:\/\/www.metalrota.it\/wp-content\/uploads\/2024\/06\/sistema-di-trasmissione-dual-drive-MRH160-AC-Speculare.png","datePublished":"2024-06-13T10:48:18+00:00","dateModified":"2025-07-16T13:17:38+00:00","description":"Learn more about MRH 160 dual drive model with AC or PMAC motor for moving your vehicles here.","breadcrumb":{"@id":"https:\/\/www.metalrota.it\/en\/mrh160-dual-drive-transmission-system\/#breadcrumb"},"inLanguage":"en-US","potentialAction":[{"@type":"ReadAction","target":["https:\/\/www.metalrota.it\/en\/mrh160-dual-drive-transmission-system\/"]}]},{"@type":"ImageObject","inLanguage":"en-US","@id":"https:\/\/www.metalrota.it\/en\/mrh160-dual-drive-transmission-system\/#primaryimage","url":"https:\/\/www.metalrota.it\/wp-content\/uploads\/2024\/06\/sistema-di-trasmissione-dual-drive-MRH160-AC-Speculare.png","contentUrl":"https:\/\/www.metalrota.it\/wp-content\/uploads\/2024\/06\/sistema-di-trasmissione-dual-drive-MRH160-AC-Speculare.png","width":700,"height":700,"caption":"sistema-di-trasmissione-dual-drive-MRH160-AC-Speculare"},{"@type":"BreadcrumbList","@id":"https:\/\/www.metalrota.it\/en\/mrh160-dual-drive-transmission-system\/#breadcrumb","itemListElement":[{"@type":"ListItem","position":1,"name":"Home","item":"https:\/\/www.metalrota.it\/en\/"},{"@type":"ListItem","position":2,"name":"Products","item":"https:\/\/www.metalrota.it\/en\/products\/"},{"@type":"ListItem","position":3,"name":"MRH 160"}]},{"@type":"WebSite","@id":"https:\/\/www.metalrota.it\/en\/#website","url":"https:\/\/www.metalrota.it\/en\/","name":"Metalrota","description":"","potentialAction":[{"@type":"SearchAction","target":{"@type":"EntryPoint","urlTemplate":"https:\/\/www.metalrota.it\/en\/?s={search_term_string}"},"query-input":{"@type":"PropertyValueSpecification","valueRequired":true,"valueName":"search_term_string"}}],"inLanguage":"en-US"}]}},"_links":{"self":[{"href":"https:\/\/www.metalrota.it\/en\/wp-json\/wp\/v2\/product\/2992","targetHints":{"allow":["GET"]}}],"collection":[{"href":"https:\/\/www.metalrota.it\/en\/wp-json\/wp\/v2\/product"}],"about":[{"href":"https:\/\/www.metalrota.it\/en\/wp-json\/wp\/v2\/types\/product"}],"wp:featuredmedia":[{"embeddable":true,"href":"https:\/\/www.metalrota.it\/en\/wp-json\/wp\/v2\/media\/3012"}],"wp:attachment":[{"href":"https:\/\/www.metalrota.it\/en\/wp-json\/wp\/v2\/media?parent=2992"}],"wp:term":[{"taxonomy":"product_brand","embeddable":true,"href":"https:\/\/www.metalrota.it\/en\/wp-json\/wp\/v2\/product_brand?post=2992"},{"taxonomy":"product_cat","embeddable":true,"href":"https:\/\/www.metalrota.it\/en\/wp-json\/wp\/v2\/product_cat?post=2992"},{"taxonomy":"product_tag","embeddable":true,"href":"https:\/\/www.metalrota.it\/en\/wp-json\/wp\/v2\/product_tag?post=2992"}],"curies":[{"name":"wp","href":"https:\/\/api.w.org\/{rel}","templated":true}]}}